{"id":24913,"date":"2025-01-16T11:52:49","date_gmt":"2025-01-16T11:52:49","guid":{"rendered":"https:\/\/florentinagurrieri.com\/?post_type=product&#038;p=24913"},"modified":"2025-11-26T10:43:23","modified_gmt":"2025-11-26T10:43:23","slug":"workshop-varese-29-08-2025","status":"publish","type":"product","link":"https:\/\/florentinagurrieri.com\/en\/product\/workshop-varese-29-08-2025\/","title":{"rendered":"Newborn Workshop Varese Italy &#8211; 29.08.2025"},"content":{"rendered":"<p>Titolo:<br \/>\nIl workshop inizia la mattina presto alle 8.30 e termina alle 18.00. \u00c8 un&#8217;intera giornata e copre tutto ci\u00f2 che dovete sapere sulla fotografia neonatale, sia che siate fotografi principianti o avanzati. Vi insegner\u00f2 tutto sul flusso di lavoro, la posa sul bean bag e gli oggetti di scena, le angolazioni, l&#8217;illuminazione, le tecniche di fasciatura, lo styling e l&#8217;editing.<br \/>\nAvremo 3 modelli diversi in modo da potervi insegnare ogni aspetto di una sessione neonatale, il primo modello arriva alle 09.00, il secondo alle 13.00 e il terzo alle ore 15.00.<\/p>\n<p>Argomenti:<br \/>\nImpostazioni della fotocamera<br \/>\nPreparazione della sessione fotografica<br \/>\nFlusso di lavoro<br \/>\nIlluminazione<br \/>\nCome fare delle fotografie dai diversi angoli senza cambiare la posizione<br \/>\nTecniche di fasciatura<br \/>\nPosizioni sull BEAN BAG o su un tavolo<br \/>\nPosizioni nei props sia nell outfit che fasciati<br \/>\nMacro pictures<br \/>\nCome creare con un solo set-up diverse fotografie<br \/>\nParleremo della sicurezza per i neonati<br \/>\nFotografie con i genitori sia da soli che insieme .<br \/>\nPreparazione dei genitori prima dell shooting<br \/>\nDopo il servizio fotografico vi mostrer\u00f2 come modifico le mie immagini.<br \/>\nfarremo la post produzione di 3 imagini.La post produzione sara registrata e la ricevete anche voi.<br \/>\nAcceso gratuito sull grupo di Fb dove sono varii video dai diversi workshop Internazionali con la postproduzione e video con le techniche di fasciatura.<br \/>\nAssistenza via whatapp per 2 mesi dalla data dell workshop .Riceverai dei regali che ti aiuteranno con il tuo prossimo servizio fotografico per neonati.<\/p>\n<p>Potrai fare anche tu delle fotografie e usarle per il tuo porfolio .<\/p>\n<p>Attrezzatura necessaria:<br \/>\nFotocamere Dslr o mirrorless, con le quali \u00e8 necessario avere dimestichezza nell&#8217;utilizzo di un obiettivo da 50 o 35 mm completamente manuale.<br \/>\ncarta e penna per prendere appunti.<\/p>\n<p>Nota bene:<br \/>\nSe il workshop viene rimandato a causa delle restrizioni del COVID-19 a una nuova data adatta a tutti.<\/p>\n<p>I presenti termini e condizioni costituiscono l&#8217;accordo tra voi e Florentina Gurrieri. Prenotando questo workshop, si sottoscrive questo accordo.<\/p>\n<p>Il prezzo del workshop \u00e8 di 600 euro. Per assicurarsi il posto \u00e8 necessario versare un deposito non rimborsabile di 200 euro al momento della prenotazione. Il saldo deve essere versato almeno 1 settimane prima della data del workshop.<\/p>\n<p>L&#8217;importo non \u00e8 rimborsabile, ma il posto pu\u00f2 essere trasferito a un altro partecipante ( se questo accade, sei tu che devi occuparti di vendere il tuo biglietto.Se posso ti\u00a0 aiuto ma non e la mia responsabilita) se non si \u00e8 in grado di partecipare al workshop.<\/p>\n<p>I partecipanti devono accettare che tutte le informazioni che riceverano in questa giornata durante il workshop siano strettamente per uso personale e che non rivendano o ridistribuiscano le conoscenze acquisite durante il workshop.E vietato scaricare i video di Fb x poi venderli o condividere con altri fotografi .<\/p>\n<p>Se il workshop viene annullato da parte mia i partecipanti saranno avvisati al pi\u00f9 presto e le quote ricevute saranno interamente rimborsate.<\/p>\n<p>&nbsp;<\/p>\n<p>Alla fine della giornata tornerete a casa con molte nuove conoscenze e una grande dose di motivazione:)<br \/>\nCos\u00ec potrete iniziare la vostra attivit\u00e0 nel modo giusto!<\/p>\n<p>Title:<br \/>\nThe workshop starts early in the morning at 8:30 am and ends at 6 pm. It's a full day and covers everything you need to know about newborn photography, whether you're a beginner or advanced. I'll teach you all about workflows, posing on the beanbag and props, angles, lighting, swaddling techniques, styling, and editing.<br \/>\nWe will have 3 different models available so that we can teach you all aspects of a newborn session. The first model will arrive at 9:00 AM, the second at 1:00 PM, and the third at 3:00 PM.<\/p>\n<p>Topics:<br \/>\nCamera settings<br \/>\nPreparing for the photo session<br \/>\nWorkflow<br \/>\nLighting<br \/>\nHow to take pictures from different angles without changing your position<br \/>\nWrapping techniques<br \/>\nPositions on the BEAN BAG or on a table<br \/>\nPositions in the props, both in outfit and wrapped<br \/>\nMacro shots<br \/>\nHow to take multiple pictures with one setup<br \/>\nWe will talk about safety for newborns.<br \/>\nPhotos with the parents, both alone and together.<br \/>\nPreparing the parents before the shoot<br \/>\nAfter the shoot, I will show you how I edit my pictures.<br \/>\nThe post-processing of 3 images will be recorded and you will also receive this.<br \/>\nFree access to the Facebook group where you can find videos from various international workshops, including post-processing and swaddling techniques. Support via WhatsApp for two months after the workshop date. You'll also receive gifts to help you with your next baby photoshoot.<\/p>\n<p>You can also take photos and use them for your portfolio.<\/p>\n<p>Required equipment:<br \/>\nDSLR or mirrorless cameras that you should be familiar with, as well as a fully manual 50mm or 35mm lens.<br \/>\nPen and paper for taking notes.<\/p>\n<p>Please note:<br \/>\nIn case the workshop is postponed to a new date suitable for everyone due to COVID-19 restrictions.<\/p>\n<p>These terms and conditions constitute the agreement between you and Florentina Gurrieri. By booking this workshop, you agree to this agreement.<\/p>\n<p>The workshop costs \u20ac600. To secure your place, you must pay a non-refundable deposit of \u20ac200 when booking. The remaining balance must be paid no later than one week before the workshop date.<\/p>\n<p>The fee is non-refundable, but the place can be transferred to another participant (in this case, you are responsible for selling your ticket; I can assist you, but it is not my responsibility) if you are unable to attend the workshop.<\/p>\n<p>Participants must agree that all information received during the workshop is for personal use only and that they will not resell or share the knowledge acquired during the workshop. Downloading videos from Facebook and then selling or sharing them with other photographers is prohibited.<\/p>\n<p>Should I need to cancel the workshop, participants will be notified as soon as possible and all fees received will be refunded in full.<\/p>\n<p>&nbsp;<\/p>\n<p>At the end of the day, you'll go home with a lot of new knowledge and a large dose of motivation \ud83d\ude42<br \/>\nHere's how to properly launch your business!<\/p>\n<p>&nbsp;<\/p>\n<p>&nbsp;<\/p>\n<p>&nbsp;<\/p>\n<p>&nbsp;<\/p>","protected":false},"excerpt":{"rendered":"<p>Do you love how I photograph, my style and my editing?<\/p>","protected":false},"featured_media":24953,"comment_status":"open","ping_status":"closed","template":"","meta":[],"product_brand":[],"product_cat":[93,20],"product_tag":[],"class_list":{"0":"post-24913","1":"product","2":"type-product","3":"status-publish","4":"has-post-thumbnail","6":"product_cat-93","7":"product_cat-workshop","9":"first","10":"outofstock","11":"shipping-taxable","12":"purchasable","13":"product-type-variable"},"yoast_head":"<!-- This site is optimized with the Yoast SEO plugin v26.6 - https:\/\/yoast.com\/wordpress\/plugins\/seo\/ -->\n<title>Newborn Workshop Varese Italy - 29.08.2025 - Preise und Leistung Florentina Gurrieri Fotografin<\/title>\n<meta name=\"robots\" content=\"index, follow, max-snippet:-1, max-image-preview:large, max-video-preview:-1\" \/>\n<link rel=\"canonical\" href=\"https:\/\/florentinagurrieri.com\/en\/product\/workshop-varese-29-08-2025\/\" \/>\n<meta property=\"og:locale\" content=\"en_US\" \/>\n<meta property=\"og:type\" content=\"article\" \/>\n<meta property=\"og:title\" content=\"Newborn Workshop Varese Italy - 29.08.2025 - Preise und Leistung Florentina Gurrieri Fotografin\" \/>\n<meta property=\"og:description\" content=\"Du liebst es wie ich fotografiere, meine Stil und meine Bearbeitung?\" \/>\n<meta property=\"og:url\" content=\"https:\/\/florentinagurrieri.com\/en\/product\/workshop-varese-29-08-2025\/\" \/>\n<meta property=\"og:site_name\" content=\"Preise und Leistung Florentina Gurrieri Fotografin\" \/>\n<meta property=\"article:publisher\" content=\"https:\/\/facebook.com\/gurrieriflorentina\" \/>\n<meta property=\"article:modified_time\" content=\"2025-11-26T10:43:23+00:00\" \/>\n<meta property=\"og:image\" content=\"https:\/\/florentinagurrieri.com\/wp-content\/uploads\/2025\/01\/1-1.jpg\" \/>\n\t<meta property=\"og:image:width\" content=\"1080\" \/>\n\t<meta property=\"og:image:height\" content=\"1080\" \/>\n\t<meta property=\"og:image:type\" content=\"image\/jpeg\" \/>\n<meta name=\"twitter:card\" content=\"summary_large_image\" \/>\n<meta name=\"twitter:label1\" content=\"Est. reading time\" \/>\n\t<meta name=\"twitter:data1\" content=\"6 minutes\" \/>\n<script type=\"application\/ld+json\" class=\"yoast-schema-graph\">{\"@context\":\"https:\/\/schema.org\",\"@graph\":[{\"@type\":\"WebPage\",\"@id\":\"https:\/\/florentinagurrieri.com\/product\/workshop-varese-29-08-2025\/\",\"url\":\"https:\/\/florentinagurrieri.com\/product\/workshop-varese-29-08-2025\/\",\"name\":\"Newborn Workshop Varese Italy - 29.08.2025 - Preise und Leistung Florentina Gurrieri Fotografin\",\"isPartOf\":{\"@id\":\"https:\/\/florentinagurrieri.com\/#website\"},\"primaryImageOfPage\":{\"@id\":\"https:\/\/florentinagurrieri.com\/product\/workshop-varese-29-08-2025\/#primaryimage\"},\"image\":{\"@id\":\"https:\/\/florentinagurrieri.com\/product\/workshop-varese-29-08-2025\/#primaryimage\"},\"thumbnailUrl\":\"https:\/\/florentinagurrieri.com\/wp-content\/uploads\/2025\/01\/1-1.jpg\",\"datePublished\":\"2025-01-16T11:52:49+00:00\",\"dateModified\":\"2025-11-26T10:43:23+00:00\",\"breadcrumb\":{\"@id\":\"https:\/\/florentinagurrieri.com\/product\/workshop-varese-29-08-2025\/#breadcrumb\"},\"inLanguage\":\"en-US\",\"potentialAction\":[{\"@type\":\"ReadAction\",\"target\":[\"https:\/\/florentinagurrieri.com\/product\/workshop-varese-29-08-2025\/\"]}]},{\"@type\":\"ImageObject\",\"inLanguage\":\"en-US\",\"@id\":\"https:\/\/florentinagurrieri.com\/product\/workshop-varese-29-08-2025\/#primaryimage\",\"url\":\"https:\/\/florentinagurrieri.com\/wp-content\/uploads\/2025\/01\/1-1.jpg\",\"contentUrl\":\"https:\/\/florentinagurrieri.com\/wp-content\/uploads\/2025\/01\/1-1.jpg\",\"width\":1080,\"height\":1080},{\"@type\":\"BreadcrumbList\",\"@id\":\"https:\/\/florentinagurrieri.com\/product\/workshop-varese-29-08-2025\/#breadcrumb\",\"itemListElement\":[{\"@type\":\"ListItem\",\"position\":1,\"name\":\"Home\",\"item\":\"https:\/\/florentinagurrieri.com\/\"},{\"@type\":\"ListItem\",\"position\":2,\"name\":\"Shop\",\"item\":\"https:\/\/florentinagurrieri.com\/shop\/\"},{\"@type\":\"ListItem\",\"position\":3,\"name\":\"Newborn Workshop Varese Italy &#8211; 29.08.2025\"}]},{\"@type\":\"WebSite\",\"@id\":\"https:\/\/florentinagurrieri.com\/#website\",\"url\":\"https:\/\/florentinagurrieri.com\/\",\"name\":\"Preise und Leistung Florentina Gurrieri Fotografin\",\"description\":\"Florentina Gurrieri\",\"publisher\":{\"@id\":\"https:\/\/florentinagurrieri.com\/#organization\"},\"potentialAction\":[{\"@type\":\"SearchAction\",\"target\":{\"@type\":\"EntryPoint\",\"urlTemplate\":\"https:\/\/florentinagurrieri.com\/?s={search_term_string}\"},\"query-input\":{\"@type\":\"PropertyValueSpecification\",\"valueRequired\":true,\"valueName\":\"search_term_string\"}}],\"inLanguage\":\"en-US\"},{\"@type\":\"Organization\",\"@id\":\"https:\/\/florentinagurrieri.com\/#organization\",\"name\":\"Preise und Leistung Florentina Gurrieri Fotografin\",\"url\":\"https:\/\/florentinagurrieri.com\/\",\"logo\":{\"@type\":\"ImageObject\",\"inLanguage\":\"en-US\",\"@id\":\"https:\/\/florentinagurrieri.com\/#\/schema\/logo\/image\/\",\"url\":\"https:\/\/florentinagurrieri.com\/wp-content\/uploads\/2025\/01\/Florentina-Gurrieri-logo-header.png\",\"contentUrl\":\"https:\/\/florentinagurrieri.com\/wp-content\/uploads\/2025\/01\/Florentina-Gurrieri-logo-header.png\",\"width\":800,\"height\":296,\"caption\":\"Preise und Leistung Florentina Gurrieri Fotografin\"},\"image\":{\"@id\":\"https:\/\/florentinagurrieri.com\/#\/schema\/logo\/image\/\"},\"sameAs\":[\"https:\/\/facebook.com\/gurrieriflorentina\",\"https:\/\/www.instagram.com\/florentina.fotografie\/\"]}]}<\/script>\n<!-- \/ Yoast SEO plugin. -->","yoast_head_json":{"title":"Newborn Workshop Varese Italy - 29.08.2025 - Preise und Leistung Florentina Gurrieri Fotografin","robots":{"index":"index","follow":"follow","max-snippet":"max-snippet:-1","max-image-preview":"max-image-preview:large","max-video-preview":"max-video-preview:-1"},"canonical":"https:\/\/florentinagurrieri.com\/en\/product\/workshop-varese-29-08-2025\/","og_locale":"en_US","og_type":"article","og_title":"Newborn Workshop Varese Italy - 29.08.2025 - Preise und Leistung Florentina Gurrieri Fotografin","og_description":"Du liebst es wie ich fotografiere, meine Stil und meine Bearbeitung?","og_url":"https:\/\/florentinagurrieri.com\/en\/product\/workshop-varese-29-08-2025\/","og_site_name":"Preise und Leistung Florentina Gurrieri Fotografin","article_publisher":"https:\/\/facebook.com\/gurrieriflorentina","article_modified_time":"2025-11-26T10:43:23+00:00","og_image":[{"width":1080,"height":1080,"url":"https:\/\/florentinagurrieri.com\/wp-content\/uploads\/2025\/01\/1-1.jpg","type":"image\/jpeg"}],"twitter_card":"summary_large_image","twitter_misc":{"Est. reading time":"6 minutes"},"schema":{"@context":"https:\/\/schema.org","@graph":[{"@type":"WebPage","@id":"https:\/\/florentinagurrieri.com\/product\/workshop-varese-29-08-2025\/","url":"https:\/\/florentinagurrieri.com\/product\/workshop-varese-29-08-2025\/","name":"Newborn Workshop Varese Italy - 29.08.2025 - Preise und Leistung Florentina Gurrieri Fotografin","isPartOf":{"@id":"https:\/\/florentinagurrieri.com\/#website"},"primaryImageOfPage":{"@id":"https:\/\/florentinagurrieri.com\/product\/workshop-varese-29-08-2025\/#primaryimage"},"image":{"@id":"https:\/\/florentinagurrieri.com\/product\/workshop-varese-29-08-2025\/#primaryimage"},"thumbnailUrl":"https:\/\/florentinagurrieri.com\/wp-content\/uploads\/2025\/01\/1-1.jpg","datePublished":"2025-01-16T11:52:49+00:00","dateModified":"2025-11-26T10:43:23+00:00","breadcrumb":{"@id":"https:\/\/florentinagurrieri.com\/product\/workshop-varese-29-08-2025\/#breadcrumb"},"inLanguage":"en-US","potentialAction":[{"@type":"ReadAction","target":["https:\/\/florentinagurrieri.com\/product\/workshop-varese-29-08-2025\/"]}]},{"@type":"ImageObject","inLanguage":"en-US","@id":"https:\/\/florentinagurrieri.com\/product\/workshop-varese-29-08-2025\/#primaryimage","url":"https:\/\/florentinagurrieri.com\/wp-content\/uploads\/2025\/01\/1-1.jpg","contentUrl":"https:\/\/florentinagurrieri.com\/wp-content\/uploads\/2025\/01\/1-1.jpg","width":1080,"height":1080},{"@type":"BreadcrumbList","@id":"https:\/\/florentinagurrieri.com\/product\/workshop-varese-29-08-2025\/#breadcrumb","itemListElement":[{"@type":"ListItem","position":1,"name":"Home","item":"https:\/\/florentinagurrieri.com\/"},{"@type":"ListItem","position":2,"name":"Shop","item":"https:\/\/florentinagurrieri.com\/shop\/"},{"@type":"ListItem","position":3,"name":"Newborn Workshop Varese Italy &#8211; 29.08.2025"}]},{"@type":"WebSite","@id":"https:\/\/florentinagurrieri.com\/#website","url":"https:\/\/florentinagurrieri.com\/","name":"Preise und Leistung Florentina Gurrieri Fotografin","description":"Florentina Gurrieri","publisher":{"@id":"https:\/\/florentinagurrieri.com\/#organization"},"potentialAction":[{"@type":"SearchAction","target":{"@type":"EntryPoint","urlTemplate":"https:\/\/florentinagurrieri.com\/?s={search_term_string}"},"query-input":{"@type":"PropertyValueSpecification","valueRequired":true,"valueName":"search_term_string"}}],"inLanguage":"en-US"},{"@type":"Organization","@id":"https:\/\/florentinagurrieri.com\/#organization","name":"Preise und Leistung Florentina Gurrieri Fotografin","url":"https:\/\/florentinagurrieri.com\/","logo":{"@type":"ImageObject","inLanguage":"en-US","@id":"https:\/\/florentinagurrieri.com\/#\/schema\/logo\/image\/","url":"https:\/\/florentinagurrieri.com\/wp-content\/uploads\/2025\/01\/Florentina-Gurrieri-logo-header.png","contentUrl":"https:\/\/florentinagurrieri.com\/wp-content\/uploads\/2025\/01\/Florentina-Gurrieri-logo-header.png","width":800,"height":296,"caption":"Preise und Leistung Florentina Gurrieri Fotografin"},"image":{"@id":"https:\/\/florentinagurrieri.com\/#\/schema\/logo\/image\/"},"sameAs":["https:\/\/facebook.com\/gurrieriflorentina","https:\/\/www.instagram.com\/florentina.fotografie\/"]}]}},"_links":{"self":[{"href":"https:\/\/florentinagurrieri.com\/en\/wp-json\/wp\/v2\/product\/24913","targetHints":{"allow":["GET"]}}],"collection":[{"href":"https:\/\/florentinagurrieri.com\/en\/wp-json\/wp\/v2\/product"}],"about":[{"href":"https:\/\/florentinagurrieri.com\/en\/wp-json\/wp\/v2\/types\/product"}],"replies":[{"embeddable":true,"href":"https:\/\/florentinagurrieri.com\/en\/wp-json\/wp\/v2\/comments?post=24913"}],"version-history":[{"count":9,"href":"https:\/\/florentinagurrieri.com\/en\/wp-json\/wp\/v2\/product\/24913\/revisions"}],"predecessor-version":[{"id":24982,"href":"https:\/\/florentinagurrieri.com\/en\/wp-json\/wp\/v2\/product\/24913\/revisions\/24982"}],"wp:featuredmedia":[{"embeddable":true,"href":"https:\/\/florentinagurrieri.com\/en\/wp-json\/wp\/v2\/media\/24953"}],"wp:attachment":[{"href":"https:\/\/florentinagurrieri.com\/en\/wp-json\/wp\/v2\/media?parent=24913"}],"wp:term":[{"taxonomy":"product_brand","embeddable":true,"href":"https:\/\/florentinagurrieri.com\/en\/wp-json\/wp\/v2\/product_brand?post=24913"},{"taxonomy":"product_cat","embeddable":true,"href":"https:\/\/florentinagurrieri.com\/en\/wp-json\/wp\/v2\/product_cat?post=24913"},{"taxonomy":"product_tag","embeddable":true,"href":"https:\/\/florentinagurrieri.com\/en\/wp-json\/wp\/v2\/product_tag?post=24913"}],"curies":[{"name":"wp","href":"https:\/\/api.w.org\/{rel}","templated":true}]}}